{"id":1165,"date":"2023-10-07T18:15:31","date_gmt":"2023-10-07T16:15:31","guid":{"rendered":"https:\/\/www.aga-styrieix.fr\/msb\/?page_id=1165"},"modified":"2023-12-05T02:05:36","modified_gmt":"2023-12-05T01:05:36","slug":"politique-de-confidentialite","status":"publish","type":"page","link":"https:\/\/www.aga-styrieix.fr\/index.php\/politique-de-confidentialite\/","title":{"rendered":"Politique de confidentialit\u00e9"},"content":{"rendered":"<h1><strong><img loading=\"lazy\" decoding=\"async\" class=\" wp-image-1167 aligncenter\" src=\"http:\/\/www.aga-styrieix.fr\/wp-content\/uploads\/anonymus.png\" alt=\"anonyme \" width=\"143\" height=\"148\" \/><\/strong><\/h1>\n<h1 style=\"text-align: center;\"><strong>POLITIQUE DE CONFIDENTIALITE<\/strong><\/h1>\n<p><strong>\u00a0<\/strong><\/p>\n<p><strong>LES COOKIES<\/strong><\/p>\n<p>Nous utilisons les cookies strictement n\u00e9cessaires au site pour en assurer le fonctionnement optimal.<\/p>\n<p><strong>Qu&#8217;est-ce qu&#8217;un &#8220;cookie&#8221; ?<\/strong><\/p>\n<p>Un &#8220;<em>cookie<\/em>&#8221; est une suite d&#8217;informations, g\u00e9n\u00e9ralement de petite taille et identifi\u00e9 par un nom, qui peut \u00eatre transmis \u00e0 votre navigateur par un site web sur lequel vous vous connectez. Votre navigateur web le conservera pendant une certaine dur\u00e9e, et le renverra au serveur web chaque fois que vous vous y re-connecterez. Les\u00a0<em>cookies<\/em>\u00a0ont de multiples usages : ils peuvent servir \u00e0 m\u00e9moriser votre identifiant client aupr\u00e8s d&#8217;un site marchand, le contenu courant de votre panier d&#8217;achat, un identifiant permettant de tracer votre navigation pour des finalit\u00e9s statistiques ou publicitaires,\u00a0<em>etc<\/em>.<a href=\"https:\/\/www.cnil.fr\/fr\/cookies-les-outils-pour-les-maitriser\">\u00a0<\/a><\/p>\n<p><strong>Votre accord vous est demand\u00e9\u00a0<\/strong>via la banni\u00e8re de gestion des cookies.<\/p>\n<p><strong>Vous pouvez les bloquer\u00a0<\/strong>en utilisant les param\u00e8tres de votre navigateur mais votre exp\u00e9rience sur le site risque d\u2019\u00eatre d\u00e9grad\u00e9e.<\/p>\n<p>&nbsp;<\/p>\n<p><strong>LES DONNEES PERSONNELLES<\/strong><\/p>\n<p>Les informations personnelles (nom, pr\u00e9nom, email, t\u00e9l\u00e9phone) collect\u00e9es par le site ont pour finalit\u00e9 de r\u00e9pondre \u00e0 vos demandes d\u2019information.<\/p>\n<p>Votre consentement vous est demand\u00e9 explicitement sur chaque formulaire de contact.<\/p>\n<p>Vos donn\u00e9es ne sont pas conserv\u00e9es ni communiqu\u00e9es \u00e0 des tiers non partenaires.<\/p>\n<p><strong>\u00a0<\/strong><\/p>\n<p><strong>EXERCER VOS DROITS<\/strong><\/p>\n<p>Pour toute information ou exercice de vos droits Informatique et Libert\u00e9s sur les traitements de donn\u00e9es personnelles, vous pouvez nous contacter par mail \u00e0 l\u2019adresse\u00a0:<\/p>\n<p><a href=\"mailto:rgpd@aga-stryrieix.fr\">rgpd@aga-styrieix.fr<\/a><\/p>\n","protected":false},"excerpt":{"rendered":"<p>POLITIQUE DE CONFIDENTIALITE \u00a0 LES COOKIES Nous utilisons les cookies strictement n\u00e9cessaires au site pour en assurer le fonctionnement optimal. Qu&#8217;est-ce qu&#8217;un &#8220;cookie&#8221; ? Un &#8220;cookie&#8221; est une suite d&#8217;informations, g\u00e9n\u00e9ralement de petite taille et identifi\u00e9 par un nom, qui peut \u00eatre transmis \u00e0 votre navigateur par un site web sur lequel vous vous connectez. Votre navigateur web le conservera&hellip;<\/p>\n","protected":false},"author":1,"featured_media":0,"parent":0,"menu_order":0,"comment_status":"closed","ping_status":"closed","template":"","meta":{"footnotes":""},"class_list":["post-1165","page","type-page","status-publish","hentry"],"_links":{"self":[{"href":"https:\/\/www.aga-styrieix.fr\/index.php\/wp-json\/wp\/v2\/pages\/1165","targetHints":{"allow":["GET"]}}],"collection":[{"href":"https:\/\/www.aga-styrieix.fr\/index.php\/wp-json\/wp\/v2\/pages"}],"about":[{"href":"https:\/\/www.aga-styrieix.fr\/index.php\/wp-json\/wp\/v2\/types\/page"}],"author":[{"embeddable":true,"href":"https:\/\/www.aga-styrieix.fr\/index.php\/wp-json\/wp\/v2\/users\/1"}],"replies":[{"embeddable":true,"href":"https:\/\/www.aga-styrieix.fr\/index.php\/wp-json\/wp\/v2\/comments?post=1165"}],"version-history":[{"count":6,"href":"https:\/\/www.aga-styrieix.fr\/index.php\/wp-json\/wp\/v2\/pages\/1165\/revisions"}],"predecessor-version":[{"id":1265,"href":"https:\/\/www.aga-styrieix.fr\/index.php\/wp-json\/wp\/v2\/pages\/1165\/revisions\/1265"}],"wp:attachment":[{"href":"https:\/\/www.aga-styrieix.fr\/index.php\/wp-json\/wp\/v2\/media?parent=1165"}],"curies":[{"name":"wp","href":"https:\/\/api.w.org\/{rel}","templated":true}]}}