{"id":1169,"date":"2023-10-07T18:49:15","date_gmt":"2023-10-07T16:49:15","guid":{"rendered":"https:\/\/www.aga-styrieix.fr\/msb\/?page_id=1169"},"modified":"2023-12-05T02:05:55","modified_gmt":"2023-12-05T01:05:55","slug":"mentions-legales","status":"publish","type":"page","link":"https:\/\/www.aga-styrieix.fr\/index.php\/mentions-legales\/","title":{"rendered":"Mentions l\u00e9gales"},"content":{"rendered":"<h1><strong><img loading=\"lazy\" decoding=\"async\" class=\" wp-image-1167 aligncenter\" src=\"http:\/\/www.aga-styrieix.fr\/wp-content\/uploads\/mentions-legales.png\" alt=\"mentions l\u00e9gales\" width=\"104\" height=\"82\" class=\"alignnone size-full wp-image-1170\" \/><\/strong><\/h1>\n<h1 style=\"text-align: center;\"><strong>Mentions l\u00e9gales<\/strong><\/h1>\n<p>&nbsp;<br \/>\n&nbsp;<\/p>\n<p>&nbsp;<\/p>\n<p>Conform\u00e9ment aux dispositions de la loi n\u00b0 2004-575 du 21 juin 2004 pour la confiance en l\u2019\u00e9conomie num\u00e9rique, il est pr\u00e9cis\u00e9 aux utilisateurs du site aga-styrieix.fr l\u2019identit\u00e9 des diff\u00e9rents intervenants dans le cadre de sa r\u00e9alisation et de son suivi.<\/p>\n<p>&nbsp;<\/p>\n<p><b>\u00a0<\/b><\/p>\n<p><b>L\u2019association<\/b><\/p>\n<p>\u00b7\u00a0\u00a0\u00a0\u00a0\u00a0\u00a0\u00a0\u00a0\u00a0Forme juridique : Association Loi 1901<\/p>\n<p>\u00b7\u00a0\u00a0\u00a0\u00a0\u00a0\u00a0\u00a0\u00a0\u00a0Adresse du Si\u00e8ge Social\u00a0: 16, avenue du G\u00e9n\u00e9ral de Gaulle &#8211; 87500 St Yrieix la Perche<\/p>\n<p>\u00b7\u00a0\u00a0\u00a0\u00a0\u00a0\u00a0\u00a0\u00a0\u00a0Email\u00a0:\u00a0<a href=\"mailto:contact@aga-styrieix.fr\">contact@aga-styrieix.fr<\/a><\/p>\n<p>\u00b7\u00a0\u00a0\u00a0\u00a0\u00a0\u00a0\u00a0\u00a0\u00a0Tel\u00a0: 05 55 08 20 31<\/p>\n<p><b>\u00a0<\/b><\/p>\n<p><b>Le site\u00a0<\/b><\/p>\n<p>H\u00e9bergeur :<\/p>\n<p>Le Site est h\u00e9berg\u00e9 par la soci\u00e9t\u00e9 OVH SAS, situ\u00e9e 2 rue Kellermann \u2013 BP 80157 \u2013 59053 Roubaix Cedex 1, (contact t\u00e9l\u00e9phonique 1007).<\/p>\n<p>&nbsp;<\/p>\n<p><b>Editeur\u00a0:<\/b><\/p>\n<p>Le pr\u00e9sent site, accessible \u00e0 l\u2019URL www.aga-styrieix.fr\u00a0(le \u00ab Site \u00bb), est \u00e9dit\u00e9 par Isabelle Duperrier, Directrice.<\/p>\n<p>&nbsp;<\/p>\n<p><b>Cr\u00e9dits photo\u00a0:<\/b><\/p>\n<p>Photographe\u00a0:<\/p>\n<p>Autres sources\u00a0:<\/p>\n<p>&nbsp;<\/p>\n<p><b>Donn\u00e9es personnelles<\/b><\/p>\n<p>Le traitement de vos donn\u00e9es \u00e0 caract\u00e8re personnel est r\u00e9gi par notre Politique de confidentialit\u00e9, disponible depuis la section \u00ab\u00a0Politique de confidentialit\u00e9\u00a0\u00bb, conform\u00e9ment au R\u00e8glement G\u00e9n\u00e9ral sur la Protection des Donn\u00e9es 2016\/679 du 27 avril 2016 (\u00abRGPD\u00bb).<\/p>\n","protected":false},"excerpt":{"rendered":"<p>Mentions l\u00e9gales &nbsp; &nbsp; &nbsp; Conform\u00e9ment aux dispositions de la loi n\u00b0 2004-575 du 21 juin 2004 pour la confiance en l\u2019\u00e9conomie num\u00e9rique, il est pr\u00e9cis\u00e9 aux utilisateurs du site aga-styrieix.fr l\u2019identit\u00e9 des diff\u00e9rents intervenants dans le cadre de sa r\u00e9alisation et de son suivi. &nbsp; \u00a0 L\u2019association \u00b7\u00a0\u00a0\u00a0\u00a0\u00a0\u00a0\u00a0\u00a0\u00a0Forme juridique : Association Loi 1901 \u00b7\u00a0\u00a0\u00a0\u00a0\u00a0\u00a0\u00a0\u00a0\u00a0Adresse du Si\u00e8ge Social\u00a0: 16, avenue&hellip;<\/p>\n","protected":false},"author":1,"featured_media":0,"parent":0,"menu_order":0,"comment_status":"closed","ping_status":"closed","template":"","meta":{"footnotes":""},"class_list":["post-1169","page","type-page","status-publish","hentry"],"_links":{"self":[{"href":"https:\/\/www.aga-styrieix.fr\/index.php\/wp-json\/wp\/v2\/pages\/1169","targetHints":{"allow":["GET"]}}],"collection":[{"href":"https:\/\/www.aga-styrieix.fr\/index.php\/wp-json\/wp\/v2\/pages"}],"about":[{"href":"https:\/\/www.aga-styrieix.fr\/index.php\/wp-json\/wp\/v2\/types\/page"}],"author":[{"embeddable":true,"href":"https:\/\/www.aga-styrieix.fr\/index.php\/wp-json\/wp\/v2\/users\/1"}],"replies":[{"embeddable":true,"href":"https:\/\/www.aga-styrieix.fr\/index.php\/wp-json\/wp\/v2\/comments?post=1169"}],"version-history":[{"count":3,"href":"https:\/\/www.aga-styrieix.fr\/index.php\/wp-json\/wp\/v2\/pages\/1169\/revisions"}],"predecessor-version":[{"id":1266,"href":"https:\/\/www.aga-styrieix.fr\/index.php\/wp-json\/wp\/v2\/pages\/1169\/revisions\/1266"}],"wp:attachment":[{"href":"https:\/\/www.aga-styrieix.fr\/index.php\/wp-json\/wp\/v2\/media?parent=1169"}],"curies":[{"name":"wp","href":"https:\/\/api.w.org\/{rel}","templated":true}]}}